{"id":95,"date":"2026-01-16T17:48:32","date_gmt":"2026-01-16T17:48:32","guid":{"rendered":"https:\/\/nikybloom.com\/?page_id=95"},"modified":"2026-01-30T20:31:06","modified_gmt":"2026-01-30T20:31:06","slug":"inicio","status":"publish","type":"page","link":"https:\/\/nikybloom.com\/","title":{"rendered":""},"content":{"rendered":"\t\t<div data-elementor-type=\"wp-page\" data-elementor-id=\"95\" class=\"elementor elementor-95\">\n\t\t\t\t<div class=\"elementor-element elementor-element-e6abaa4 e-con-full e-flex e-con e-parent\" data-id=\"e6abaa4\" data-element_type=\"container\" data-settings=\"{&quot;background_background&quot;:&quot;classic&quot;}\">\n\t\t\t\t<\/div>\n\t\t<div class=\"elementor-element elementor-element-9adbf84 e-flex e-con-boxed e-con e-parent\" data-id=\"9adbf84\" data-element_type=\"container\">\n\t\t\t\t\t<div class=\"e-con-inner\">\n\t\t\t\t<div class=\"elementor-element elementor-element-f7048d1 elementor-align-center elementor-widget elementor-widget-button\" data-id=\"f7048d1\" data-element_type=\"widget\" data-widget_type=\"button.default\">\n\t\t\t\t\t\t\t\t\t\t<a class=\"elementor-button elementor-button-link elementor-size-sm\" href=\"https:\/\/api.whatsapp.com\/send?phone=524622340311\" target=\"_blank\">\n\t\t\t\t\t\t<span class=\"elementor-button-content-wrapper\">\n\t\t\t\t\t\t\t\t\t<span class=\"elementor-button-text\">Pedir informacio<\/span>\n\t\t\t\t\t<\/span>\n\t\t\t\t\t<\/a>\n\t\t\t\t\t\t\t\t<\/div>\n\t\t\t\t\t<\/div>\n\t\t\t\t<\/div>\n\t\t<div class=\"elementor-element elementor-element-b198e75 e-flex e-con-boxed e-con e-parent\" data-id=\"b198e75\" data-element_type=\"container\" data-settings=\"{&quot;background_background&quot;:&quot;classic&quot;}\">\n\t\t\t\t\t<div class=\"e-con-inner\">\n\t\t\t\t<div class=\"elementor-element elementor-element-de57be5 elementor-widget elementor-widget-heading\" data-id=\"de57be5\" data-element_type=\"widget\" data-widget_type=\"heading.default\">\n\t\t\t\t\t<h2 class=\"elementor-heading-title elementor-size-default\">Promociones<\/h2>\t\t\t\t<\/div>\n\t\t\t\t\t<\/div>\n\t\t\t\t<\/div>\n\t\t<div class=\"elementor-element elementor-element-ef33906 e-flex e-con-boxed e-con e-parent\" data-id=\"ef33906\" data-element_type=\"container\" data-settings=\"{&quot;background_background&quot;:&quot;classic&quot;}\">\n\t\t\t\t\t<div class=\"e-con-inner\">\n\t\t<div class=\"elementor-element elementor-element-4bbf365 e-con-full e-flex e-con e-child\" data-id=\"4bbf365\" data-element_type=\"container\" data-settings=\"{&quot;background_background&quot;:&quot;classic&quot;}\">\n\t\t\t\t<div class=\"elementor-element elementor-element-c3021c5 elementor-widget elementor-widget-heading\" data-id=\"c3021c5\" data-element_type=\"widget\" data-widget_type=\"heading.default\">\n\t\t\t\t\t<h2 class=\"elementor-heading-title elementor-size-default\">Flores<\/h2>\t\t\t\t<\/div>\n\t\t\t\t<div class=\"elementor-element elementor-element-12f05a3 elementor-widget__width-initial elementor-widget elementor-widget-image\" data-id=\"12f05a3\" data-element_type=\"widget\" data-widget_type=\"image.default\">\n\t\t\t\t\t\t\t\t\t\t\t\t\t\t\t<img fetchpriority=\"high\" decoding=\"async\" width=\"751\" height=\"1024\" src=\"https:\/\/nikybloom.com\/wp-content\/uploads\/2026\/01\/WhatsApp-Image-2025-12-29-at-4.21.16OCp.m.-1-751x1024.jpeg\" class=\"attachment-large size-large wp-image-109\" alt=\"\" srcset=\"https:\/\/nikybloom.com\/wp-content\/uploads\/2026\/01\/WhatsApp-Image-2025-12-29-at-4.21.16OCp.m.-1-751x1024.jpeg 751w, https:\/\/nikybloom.com\/wp-content\/uploads\/2026\/01\/WhatsApp-Image-2025-12-29-at-4.21.16OCp.m.-1-500x681.jpeg 500w, https:\/\/nikybloom.com\/wp-content\/uploads\/2026\/01\/WhatsApp-Image-2025-12-29-at-4.21.16OCp.m.-1-220x300.jpeg 220w, https:\/\/nikybloom.com\/wp-content\/uploads\/2026\/01\/WhatsApp-Image-2025-12-29-at-4.21.16OCp.m.-1-768x1047.jpeg 768w, https:\/\/nikybloom.com\/wp-content\/uploads\/2026\/01\/WhatsApp-Image-2025-12-29-at-4.21.16OCp.m.-1.jpeg 1119w\" sizes=\"(max-width: 751px) 100vw, 751px\" \/>\t\t\t\t\t\t\t\t\t\t\t\t\t\t\t<\/div>\n\t\t\t\t<\/div>\n\t\t<div class=\"elementor-element elementor-element-6981b15 e-con-full e-flex e-con e-child\" data-id=\"6981b15\" data-element_type=\"container\" data-settings=\"{&quot;background_background&quot;:&quot;classic&quot;}\">\n\t\t\t\t<div class=\"elementor-element elementor-element-49d1ae5 elementor-widget elementor-widget-heading\" data-id=\"49d1ae5\" data-element_type=\"widget\" data-widget_type=\"heading.default\">\n\t\t\t\t\t<h2 class=\"elementor-heading-title elementor-size-default\">Bouquets<\/h2>\t\t\t\t<\/div>\n\t\t\t\t<div class=\"elementor-element elementor-element-23527bb elementor-widget elementor-widget-image\" data-id=\"23527bb\" data-element_type=\"widget\" data-widget_type=\"image.default\">\n\t\t\t\t\t\t\t\t\t\t\t\t\t\t\t<img decoding=\"async\" width=\"768\" height=\"1024\" src=\"https:\/\/nikybloom.com\/wp-content\/uploads\/2026\/01\/WhatsApp-Image-2025-12-12-at-6.59.46OCp.m.-1-1-768x1024.jpeg\" class=\"attachment-large size-large wp-image-108\" alt=\"\" srcset=\"https:\/\/nikybloom.com\/wp-content\/uploads\/2026\/01\/WhatsApp-Image-2025-12-12-at-6.59.46OCp.m.-1-1-768x1024.jpeg 768w, https:\/\/nikybloom.com\/wp-content\/uploads\/2026\/01\/WhatsApp-Image-2025-12-12-at-6.59.46OCp.m.-1-1-500x667.jpeg 500w, https:\/\/nikybloom.com\/wp-content\/uploads\/2026\/01\/WhatsApp-Image-2025-12-12-at-6.59.46OCp.m.-1-1-225x300.jpeg 225w, https:\/\/nikybloom.com\/wp-content\/uploads\/2026\/01\/WhatsApp-Image-2025-12-12-at-6.59.46OCp.m.-1-1-1152x1536.jpeg 1152w, https:\/\/nikybloom.com\/wp-content\/uploads\/2026\/01\/WhatsApp-Image-2025-12-12-at-6.59.46OCp.m.-1-1.jpeg 1200w\" sizes=\"(max-width: 768px) 100vw, 768px\" \/>\t\t\t\t\t\t\t\t\t\t\t\t\t\t\t<\/div>\n\t\t\t\t<\/div>\n\t\t<div class=\"elementor-element elementor-element-bc6b140 e-con-full e-flex e-con e-child\" data-id=\"bc6b140\" data-element_type=\"container\" data-settings=\"{&quot;background_background&quot;:&quot;classic&quot;}\">\n\t\t\t\t<div class=\"elementor-element elementor-element-8693244 elementor-widget elementor-widget-heading\" data-id=\"8693244\" data-element_type=\"widget\" data-widget_type=\"heading.default\">\n\t\t\t\t\t<h2 class=\"elementor-heading-title elementor-size-default\">Desde $450<\/h2>\t\t\t\t<\/div>\n\t\t\t\t<div class=\"elementor-element elementor-element-4fb0cb9 elementor-widget elementor-widget-image\" data-id=\"4fb0cb9\" data-element_type=\"widget\" data-widget_type=\"image.default\">\n\t\t\t\t\t\t\t\t\t\t\t\t\t\t\t<img decoding=\"async\" width=\"768\" height=\"1024\" src=\"https:\/\/nikybloom.com\/wp-content\/uploads\/2026\/01\/WhatsApp-Image-2025-12-29-at-4.21.16OCp.m-768x1024.jpeg\" class=\"attachment-large size-large wp-image-110\" alt=\"\" srcset=\"https:\/\/nikybloom.com\/wp-content\/uploads\/2026\/01\/WhatsApp-Image-2025-12-29-at-4.21.16OCp.m-768x1024.jpeg 768w, https:\/\/nikybloom.com\/wp-content\/uploads\/2026\/01\/WhatsApp-Image-2025-12-29-at-4.21.16OCp.m-500x667.jpeg 500w, https:\/\/nikybloom.com\/wp-content\/uploads\/2026\/01\/WhatsApp-Image-2025-12-29-at-4.21.16OCp.m-225x300.jpeg 225w, https:\/\/nikybloom.com\/wp-content\/uploads\/2026\/01\/WhatsApp-Image-2025-12-29-at-4.21.16OCp.m-1152x1536.jpeg 1152w, https:\/\/nikybloom.com\/wp-content\/uploads\/2026\/01\/WhatsApp-Image-2025-12-29-at-4.21.16OCp.m.jpeg 1200w\" sizes=\"(max-width: 768px) 100vw, 768px\" \/>\t\t\t\t\t\t\t\t\t\t\t\t\t\t\t<\/div>\n\t\t\t\t<\/div>\n\t\t\t\t\t<\/div>\n\t\t\t\t<\/div>\n\t\t<div class=\"elementor-element elementor-element-0d604db e-flex e-con-boxed e-con e-parent\" data-id=\"0d604db\" data-element_type=\"container\">\n\t\t\t\t\t<div class=\"e-con-inner\">\n\t\t\t\t<div class=\"elementor-element elementor-element-f302f22 elementor-widget elementor-widget-heading\" data-id=\"f302f22\" data-element_type=\"widget\" data-widget_type=\"heading.default\">\n\t\t\t\t\t<h2 class=\"elementor-heading-title elementor-size-default\">\u00bfQui\u00e9nes somos?<span style=\"font-size: 1.875rem;font-style: inherit\"><\/span><\/h2>\t\t\t\t<\/div>\n\t\t\t\t<div class=\"elementor-element elementor-element-51955da elementor-widget elementor-widget-text-editor\" data-id=\"51955da\" data-element_type=\"widget\" data-widget_type=\"text-editor.default\">\n\t\t\t\t\t\t\t\t\t<p>Creemos en la magia que las flores pueden aportar a cada momento de la vida.<br data-start=\"1049\" data-end=\"1052\" \/>En <strong data-start=\"1057\" data-end=\"1071\">Niky Bloom<\/strong> seleccionamos flores frescas y combinaciones especiales para que cada arreglo sea \u00fanico.<br data-start=\"1160\" data-end=\"1163\" \/>Nuestra misi\u00f3n es llevar la belleza de la naturaleza a tus momentos m\u00e1s importantes, ya sea para celebrar, agradecer o acompa\u00f1ar.<\/p>\t\t\t\t\t\t\t\t<\/div>\n\t\t\t\t\t<\/div>\n\t\t\t\t<\/div>\n\t\t<div class=\"elementor-element elementor-element-29a0a62 e-flex e-con-boxed e-con e-parent\" data-id=\"29a0a62\" data-element_type=\"container\" data-settings=\"{&quot;background_background&quot;:&quot;classic&quot;}\">\n\t\t\t\t\t<div class=\"e-con-inner\">\n\t\t<div class=\"elementor-element elementor-element-94f3b50 e-con-full e-flex e-con e-child\" data-id=\"94f3b50\" data-element_type=\"container\">\n\t\t\t\t<div class=\"elementor-element elementor-element-16757b6 elementor-widget elementor-widget-google_maps\" data-id=\"16757b6\" data-element_type=\"widget\" data-widget_type=\"google_maps.default\">\n\t\t\t\t\t\t\t<div class=\"elementor-custom-embed\">\n\t\t\t<iframe loading=\"lazy\"\n\t\t\t\t\tsrc=\"https:\/\/maps.google.com\/maps?q=Blvrd%20D%C3%ADaz%20Ordaz%201030%2C%20Las%20Reynas%2C%2036660%20Irapuato%2C%20Gto.&#038;t=m&#038;z=15&#038;output=embed&#038;iwloc=near\"\n\t\t\t\t\ttitle=\"Blvrd D\u00edaz Ordaz 1030, Las Reynas, 36660 Irapuato, Gto.\"\n\t\t\t\t\taria-label=\"Blvrd D\u00edaz Ordaz 1030, Las Reynas, 36660 Irapuato, Gto.\"\n\t\t\t><\/iframe>\n\t\t<\/div>\n\t\t\t\t\t\t<\/div>\n\t\t\t\t<div class=\"elementor-element elementor-element-1244d5c elementor-widget elementor-widget-heading\" data-id=\"1244d5c\" data-element_type=\"widget\" data-widget_type=\"heading.default\">\n\t\t\t\t\t<h2 class=\"elementor-heading-title elementor-size-default\">Visita nuestra sucursal<\/h2>\t\t\t\t<\/div>\n\t\t\t\t<div class=\"elementor-element elementor-element-84f9b2f elementor-widget elementor-widget-text-editor\" data-id=\"84f9b2f\" data-element_type=\"widget\" data-widget_type=\"text-editor.default\">\n\t\t\t\t\t\t\t\t\t<p>BLVD DIAZ ORDAZ 1030<br \/>COL LAS REYNAS CP 36660<\/p>\t\t\t\t\t\t\t\t<\/div>\n\t\t\t\t<\/div>\n\t\t\t\t\t<\/div>\n\t\t\t\t<\/div>\n\t\t\t\t<\/div>\n\t\t","protected":false},"excerpt":{"rendered":"<p>Pedir informacio Promociones Flores Bouquets Desde $450 \u00bfQui\u00e9nes somos? Creemos en la magia que las flores pueden aportar a cada [&hellip;]<\/p>\n","protected":false},"author":1,"featured_media":0,"parent":0,"menu_order":0,"comment_status":"closed","ping_status":"closed","template":"","meta":{"site-sidebar-layout":"no-sidebar","site-content-layout":"","ast-site-content-layout":"full-width-container","site-content-style":"default","site-sidebar-style":"default","ast-global-header-display":"","ast-banner-title-visibility":"","ast-main-header-display":"","ast-hfb-above-header-display":"","ast-hfb-below-header-display":"","ast-hfb-mobile-header-display":"","site-post-title":"","ast-breadcrumbs-content":"","ast-featured-img":"disabled","footer-sml-layout":"","ast-disable-related-posts":"","theme-transparent-header-meta":"","adv-header-id-meta":"","stick-header-meta":"","header-above-stick-meta":"","header-main-stick-meta":"","header-below-stick-meta":"","astra-migrate-meta-layouts":"default","ast-page-background-enabled":"default","ast-page-background-meta":{"desktop":{"background-color":"var(--ast-global-color-5)","background-image":"","background-repeat":"repeat","background-position":"center center","background-size":"auto","background-attachment":"scroll","background-type":"","background-media":"","overlay-type":"","overlay-color":"","overlay-opacity":"","overlay-gradient":""},"tablet":{"background-color":"","background-image":"","background-repeat":"repeat","background-position":"center center","background-size":"auto","background-attachment":"scroll","background-type":"","background-media":"","overlay-type":"","overlay-color":"","overlay-opacity":"","overlay-gradient":""},"mobile":{"background-color":"","background-image":"","background-repeat":"repeat","background-position":"center center","background-size":"auto","background-attachment":"scroll","background-type":"","background-media":"","overlay-type":"","overlay-color":"","overlay-opacity":"","overlay-gradient":""}},"ast-content-background-meta":{"desktop":{"background-color":"var(--ast-global-color-4)","background-image":"","background-repeat":"repeat","background-position":"center center","background-size":"auto","background-attachment":"scroll","background-type":"","background-media":"","overlay-type":"","overlay-color":"","overlay-opacity":"","overlay-gradient":""},"tablet":{"background-color":"var(--ast-global-color-4)","background-image":"","background-repeat":"repeat","background-position":"center center","background-size":"auto","background-attachment":"scroll","background-type":"","background-media":"","overlay-type":"","overlay-color":"","overlay-opacity":"","overlay-gradient":""},"mobile":{"background-color":"var(--ast-global-color-4)","background-image":"","background-repeat":"repeat","background-position":"center center","background-size":"auto","background-attachment":"scroll","background-type":"","background-media":"","overlay-type":"","overlay-color":"","overlay-opacity":"","overlay-gradient":""}},"_joinchat":[],"footnotes":""},"class_list":["post-95","page","type-page","status-publish","hentry"],"yoast_head":"<!-- This site is optimized with the Yoast SEO plugin v26.7 - https:\/\/yoast.com\/wordpress\/plugins\/seo\/ -->\n<title>- Niky Bloom<\/title>\n<meta name=\"robots\" content=\"index, follow, max-snippet:-1, max-image-preview:large, max-video-preview:-1\" \/>\n<link rel=\"canonical\" href=\"https:\/\/nikybloom.com\/\" \/>\n<meta property=\"og:locale\" content=\"es_ES\" \/>\n<meta property=\"og:type\" content=\"article\" \/>\n<meta property=\"og:title\" content=\"- Niky Bloom\" \/>\n<meta property=\"og:description\" content=\"Pedir informacio Promociones Flores Bouquets Desde $450 \u00bfQui\u00e9nes somos? Creemos en la magia que las flores pueden aportar a cada [&hellip;]\" \/>\n<meta property=\"og:url\" content=\"https:\/\/nikybloom.com\/\" \/>\n<meta property=\"og:site_name\" content=\"Niky Bloom\" \/>\n<meta property=\"article:modified_time\" content=\"2026-01-30T20:31:06+00:00\" \/>\n<meta property=\"og:image\" content=\"https:\/\/nikybloom.com\/wp-content\/uploads\/2026\/01\/WhatsApp-Image-2025-12-29-at-4.21.16OCp.m.-1.jpeg\" \/>\n\t<meta property=\"og:image:width\" content=\"1119\" \/>\n\t<meta property=\"og:image:height\" content=\"1525\" \/>\n\t<meta property=\"og:image:type\" content=\"image\/jpeg\" \/>\n<meta name=\"twitter:card\" content=\"summary_large_image\" \/>\n<meta name=\"twitter:label1\" content=\"Tiempo de lectura\" \/>\n\t<meta name=\"twitter:data1\" content=\"1 minuto\" \/>\n<script type=\"application\/ld+json\" class=\"yoast-schema-graph\">{\"@context\":\"https:\/\/schema.org\",\"@graph\":[{\"@type\":\"WebPage\",\"@id\":\"https:\/\/nikybloom.com\/\",\"url\":\"https:\/\/nikybloom.com\/\",\"name\":\"- Niky Bloom\",\"isPartOf\":{\"@id\":\"https:\/\/nikybloom.com\/#website\"},\"primaryImageOfPage\":{\"@id\":\"https:\/\/nikybloom.com\/#primaryimage\"},\"image\":{\"@id\":\"https:\/\/nikybloom.com\/#primaryimage\"},\"thumbnailUrl\":\"https:\/\/nikybloom.com\/wp-content\/uploads\/2026\/01\/WhatsApp-Image-2025-12-29-at-4.21.16OCp.m.-1-751x1024.jpeg\",\"datePublished\":\"2026-01-16T17:48:32+00:00\",\"dateModified\":\"2026-01-30T20:31:06+00:00\",\"inLanguage\":\"es\",\"potentialAction\":[{\"@type\":\"ReadAction\",\"target\":[\"https:\/\/nikybloom.com\/\"]}]},{\"@type\":\"ImageObject\",\"inLanguage\":\"es\",\"@id\":\"https:\/\/nikybloom.com\/#primaryimage\",\"url\":\"https:\/\/nikybloom.com\/wp-content\/uploads\/2026\/01\/WhatsApp-Image-2025-12-29-at-4.21.16OCp.m.-1.jpeg\",\"contentUrl\":\"https:\/\/nikybloom.com\/wp-content\/uploads\/2026\/01\/WhatsApp-Image-2025-12-29-at-4.21.16OCp.m.-1.jpeg\",\"width\":1119,\"height\":1525},{\"@type\":\"WebSite\",\"@id\":\"https:\/\/nikybloom.com\/#website\",\"url\":\"https:\/\/nikybloom.com\/\",\"name\":\"Niky Bloom\",\"description\":\"Floreria\",\"publisher\":{\"@id\":\"https:\/\/nikybloom.com\/#organization\"},\"potentialAction\":[{\"@type\":\"SearchAction\",\"target\":{\"@type\":\"EntryPoint\",\"urlTemplate\":\"https:\/\/nikybloom.com\/?s={search_term_string}\"},\"query-input\":{\"@type\":\"PropertyValueSpecification\",\"valueRequired\":true,\"valueName\":\"search_term_string\"}}],\"inLanguage\":\"es\"},{\"@type\":\"Organization\",\"@id\":\"https:\/\/nikybloom.com\/#organization\",\"name\":\"Niky Bloom\",\"url\":\"https:\/\/nikybloom.com\/\",\"logo\":{\"@type\":\"ImageObject\",\"inLanguage\":\"es\",\"@id\":\"https:\/\/nikybloom.com\/#\/schema\/logo\/image\/\",\"url\":\"https:\/\/nikybloom.com\/wp-content\/uploads\/2026\/01\/cropped-logo.png\",\"contentUrl\":\"https:\/\/nikybloom.com\/wp-content\/uploads\/2026\/01\/cropped-logo.png\",\"width\":511,\"height\":485,\"caption\":\"Niky Bloom\"},\"image\":{\"@id\":\"https:\/\/nikybloom.com\/#\/schema\/logo\/image\/\"}}]}<\/script>\n<!-- \/ Yoast SEO plugin. -->","yoast_head_json":{"title":"- Niky Bloom","robots":{"index":"index","follow":"follow","max-snippet":"max-snippet:-1","max-image-preview":"max-image-preview:large","max-video-preview":"max-video-preview:-1"},"canonical":"https:\/\/nikybloom.com\/","og_locale":"es_ES","og_type":"article","og_title":"- Niky Bloom","og_description":"Pedir informacio Promociones Flores Bouquets Desde $450 \u00bfQui\u00e9nes somos? Creemos en la magia que las flores pueden aportar a cada [&hellip;]","og_url":"https:\/\/nikybloom.com\/","og_site_name":"Niky Bloom","article_modified_time":"2026-01-30T20:31:06+00:00","og_image":[{"width":1119,"height":1525,"url":"https:\/\/nikybloom.com\/wp-content\/uploads\/2026\/01\/WhatsApp-Image-2025-12-29-at-4.21.16OCp.m.-1.jpeg","type":"image\/jpeg"}],"twitter_card":"summary_large_image","twitter_misc":{"Tiempo de lectura":"1 minuto"},"schema":{"@context":"https:\/\/schema.org","@graph":[{"@type":"WebPage","@id":"https:\/\/nikybloom.com\/","url":"https:\/\/nikybloom.com\/","name":"- Niky Bloom","isPartOf":{"@id":"https:\/\/nikybloom.com\/#website"},"primaryImageOfPage":{"@id":"https:\/\/nikybloom.com\/#primaryimage"},"image":{"@id":"https:\/\/nikybloom.com\/#primaryimage"},"thumbnailUrl":"https:\/\/nikybloom.com\/wp-content\/uploads\/2026\/01\/WhatsApp-Image-2025-12-29-at-4.21.16OCp.m.-1-751x1024.jpeg","datePublished":"2026-01-16T17:48:32+00:00","dateModified":"2026-01-30T20:31:06+00:00","inLanguage":"es","potentialAction":[{"@type":"ReadAction","target":["https:\/\/nikybloom.com\/"]}]},{"@type":"ImageObject","inLanguage":"es","@id":"https:\/\/nikybloom.com\/#primaryimage","url":"https:\/\/nikybloom.com\/wp-content\/uploads\/2026\/01\/WhatsApp-Image-2025-12-29-at-4.21.16OCp.m.-1.jpeg","contentUrl":"https:\/\/nikybloom.com\/wp-content\/uploads\/2026\/01\/WhatsApp-Image-2025-12-29-at-4.21.16OCp.m.-1.jpeg","width":1119,"height":1525},{"@type":"WebSite","@id":"https:\/\/nikybloom.com\/#website","url":"https:\/\/nikybloom.com\/","name":"Niky Bloom","description":"Floreria","publisher":{"@id":"https:\/\/nikybloom.com\/#organization"},"potentialAction":[{"@type":"SearchAction","target":{"@type":"EntryPoint","urlTemplate":"https:\/\/nikybloom.com\/?s={search_term_string}"},"query-input":{"@type":"PropertyValueSpecification","valueRequired":true,"valueName":"search_term_string"}}],"inLanguage":"es"},{"@type":"Organization","@id":"https:\/\/nikybloom.com\/#organization","name":"Niky Bloom","url":"https:\/\/nikybloom.com\/","logo":{"@type":"ImageObject","inLanguage":"es","@id":"https:\/\/nikybloom.com\/#\/schema\/logo\/image\/","url":"https:\/\/nikybloom.com\/wp-content\/uploads\/2026\/01\/cropped-logo.png","contentUrl":"https:\/\/nikybloom.com\/wp-content\/uploads\/2026\/01\/cropped-logo.png","width":511,"height":485,"caption":"Niky Bloom"},"image":{"@id":"https:\/\/nikybloom.com\/#\/schema\/logo\/image\/"}}]}},"_links":{"self":[{"href":"https:\/\/nikybloom.com\/index.php\/wp-json\/wp\/v2\/pages\/95","targetHints":{"allow":["GET"]}}],"collection":[{"href":"https:\/\/nikybloom.com\/index.php\/wp-json\/wp\/v2\/pages"}],"about":[{"href":"https:\/\/nikybloom.com\/index.php\/wp-json\/wp\/v2\/types\/page"}],"author":[{"embeddable":true,"href":"https:\/\/nikybloom.com\/index.php\/wp-json\/wp\/v2\/users\/1"}],"replies":[{"embeddable":true,"href":"https:\/\/nikybloom.com\/index.php\/wp-json\/wp\/v2\/comments?post=95"}],"version-history":[{"count":93,"href":"https:\/\/nikybloom.com\/index.php\/wp-json\/wp\/v2\/pages\/95\/revisions"}],"predecessor-version":[{"id":292,"href":"https:\/\/nikybloom.com\/index.php\/wp-json\/wp\/v2\/pages\/95\/revisions\/292"}],"wp:attachment":[{"href":"https:\/\/nikybloom.com\/index.php\/wp-json\/wp\/v2\/media?parent=95"}],"curies":[{"name":"wp","href":"https:\/\/api.w.org\/{rel}","templated":true}]}}